
{"id":476,"date":"2019-08-28T16:12:15","date_gmt":"2019-08-28T16:12:15","guid":{"rendered":"http:\/\/disabilityvoicesunited.org\/interchange\/wordpress\/self-determination-interchange\/?page_id=476"},"modified":"2020-06-24T09:57:01","modified_gmt":"2020-06-24T16:57:01","slug":"front-page-es","status":"publish","type":"page","link":"https:\/\/disabilityvoicesunited.org\/interchange\/self-determination\/front-page-es\/","title":{"rendered":"Primera P\u00e1gina"},"content":{"rendered":"<p>Disability Voices United aloja el sitio web Self-Determination Interchange (Intercambio para la Autodeterminaci\u00f3n) para todos los participantes del Programa de Autodeterminaci\u00f3n de California, familiares, futuros participantes, facilitadores independientes, Servicios de Administraci\u00f3n Financiera (FMS, por sus siglas en ingl\u00e9s), personal de centros regionales, proveedores de servicios y quienes abogan por si mismos u otros; b\u00e1sicamente, cualquier persona interesada en la autodeterminaci\u00f3n.<\/p>\n<p>All\u00ed puede obtener informaci\u00f3n importante, hacer preguntas, comentarios y sugerencias, dar ideas, compartir mejores pr\u00e1cticas, comunicar preocupaciones, e incluso enviar mensajes privados a otros usuarios de este sitio web.<\/p>\n<p>Env\u00ede un correo electr\u00f3nico a <a href=\"mailto:info@dvunited.org\">info@dvunited.org<\/a> si desea saber m\u00e1s sobre el sitio Self-Determination Interchange.<\/p>\n\n\n<p><\/p>\n","protected":false},"excerpt":{"rendered":"<p>Disability Voices United aloja el sitio web Self-Determination Interchange (Intercambio para la Autodeterminaci\u00f3n) para todos los participantes del Programa de Autodeterminaci\u00f3n de California, familiares, futuros participantes, facilitadores independientes, Servicios de Administraci\u00f3n Financiera (FMS, por sus siglas en ingl\u00e9s), personal de centros regionales, proveedores de servicios y quienes abogan por si mismos u otros; b\u00e1sicamente, cualquier [&#8230;]<\/p>\n<p><a class=\"btn btn-secondary understrap-read-more-link\" href=\"https:\/\/disabilityvoicesunited.org\/interchange\/self-determination\/front-page-es\/\">Read More&#8230;<\/a><\/p>\n","protected":false},"author":1,"featured_media":0,"parent":0,"menu_order":0,"comment_status":"closed","ping_status":"closed","template":"page-templates\/home.php","meta":{"_bbp_topic_count":0,"_bbp_reply_count":0,"_bbp_total_topic_count":0,"_bbp_total_reply_count":0,"_bbp_voice_count":0,"_bbp_anonymous_reply_count":0,"_bbp_topic_count_hidden":0,"_bbp_reply_count_hidden":0,"_bbp_forum_subforum_count":0,"footnotes":""},"class_list":["post-476","page","type-page","status-publish","hentry"],"_links":{"self":[{"href":"https:\/\/disabilityvoicesunited.org\/interchange\/self-determination\/wp-json\/wp\/v2\/pages\/476","targetHints":{"allow":["GET"]}}],"collection":[{"href":"https:\/\/disabilityvoicesunited.org\/interchange\/self-determination\/wp-json\/wp\/v2\/pages"}],"about":[{"href":"https:\/\/disabilityvoicesunited.org\/interchange\/self-determination\/wp-json\/wp\/v2\/types\/page"}],"author":[{"embeddable":true,"href":"https:\/\/disabilityvoicesunited.org\/interchange\/self-determination\/wp-json\/wp\/v2\/users\/1"}],"replies":[{"embeddable":true,"href":"https:\/\/disabilityvoicesunited.org\/interchange\/self-determination\/wp-json\/wp\/v2\/comments?post=476"}],"version-history":[{"count":20,"href":"https:\/\/disabilityvoicesunited.org\/interchange\/self-determination\/wp-json\/wp\/v2\/pages\/476\/revisions"}],"predecessor-version":[{"id":999,"href":"https:\/\/disabilityvoicesunited.org\/interchange\/self-determination\/wp-json\/wp\/v2\/pages\/476\/revisions\/999"}],"wp:attachment":[{"href":"https:\/\/disabilityvoicesunited.org\/interchange\/self-determination\/wp-json\/wp\/v2\/media?parent=476"}],"curies":[{"name":"wp","href":"https:\/\/api.w.org\/{rel}","templated":true}]}}