
{"id":500,"date":"2019-08-28T17:43:48","date_gmt":"2019-08-28T17:43:48","guid":{"rendered":"http:\/\/disabilityvoicesunited.org\/interchange\/wordpress\/self-determination-interchange\/?page_id=500"},"modified":"2020-03-12T16:24:06","modified_gmt":"2020-03-12T23:24:06","slug":"other-events-es","status":"publish","type":"page","link":"https:\/\/disabilityvoicesunited.org\/interchange\/self-determination\/other-events-es\/","title":{"rendered":"Otros Eventos"},"content":{"rendered":"\n<h4 class=\"wp-block-heading\">Capitaciones intensivas gratis para facilitadores<\/h4>\n\n\n\n<p>\u00bfEst\u00e1 interesado en convertirse en un facilitador independiente para el programa de autodeterminaci\u00f3n? \u00bfHablas otro idioma que no sea ingl\u00e9s? En caso afirmativo, puede asistir a una capacitaci\u00f3n intensiva gratuita para facilitadores independientes, patrocinada por Disability Voices United y la Sociedad de Autismo de Los \u00c1ngeles.<\/p>\n\n\n\n<p>Debido a la propagaci\u00f3n de COVID-19, DVU y la Sociedad de Autismo de Los \u00c1ngeles han pospuesto nuestros entrenamientos de facilitadores independientes en Stockton y San Jos\u00e9. Estamos examinando las opciones de seminarios web como una alternativa a los entrenamientos en persona. Revise esta p\u00e1gina para actualizaciones.<\/p>\n","protected":false},"excerpt":{"rendered":"<p>Capitaciones intensivas gratis para facilitadores \u00bfEst\u00e1 interesado en convertirse en un facilitador independiente para el programa de autodeterminaci\u00f3n? \u00bfHablas otro idioma que no sea ingl\u00e9s? En caso afirmativo, puede asistir a una capacitaci\u00f3n intensiva gratuita para facilitadores independientes, patrocinada por Disability Voices United y la Sociedad de Autismo de Los \u00c1ngeles. Debido a la propagaci\u00f3n [&#8230;]<\/p>\n<p><a class=\"btn btn-secondary understrap-read-more-link\" href=\"https:\/\/disabilityvoicesunited.org\/interchange\/self-determination\/other-events-es\/\">Read More&#8230;<\/a><\/p>\n","protected":false},"author":1,"featured_media":0,"parent":0,"menu_order":0,"comment_status":"closed","ping_status":"closed","template":"","meta":{"_bbp_topic_count":0,"_bbp_reply_count":0,"_bbp_total_topic_count":0,"_bbp_total_reply_count":0,"_bbp_voice_count":0,"_bbp_anonymous_reply_count":0,"_bbp_topic_count_hidden":0,"_bbp_reply_count_hidden":0,"_bbp_forum_subforum_count":0,"footnotes":""},"class_list":["post-500","page","type-page","status-publish","hentry"],"_links":{"self":[{"href":"https:\/\/disabilityvoicesunited.org\/interchange\/self-determination\/wp-json\/wp\/v2\/pages\/500","targetHints":{"allow":["GET"]}}],"collection":[{"href":"https:\/\/disabilityvoicesunited.org\/interchange\/self-determination\/wp-json\/wp\/v2\/pages"}],"about":[{"href":"https:\/\/disabilityvoicesunited.org\/interchange\/self-determination\/wp-json\/wp\/v2\/types\/page"}],"author":[{"embeddable":true,"href":"https:\/\/disabilityvoicesunited.org\/interchange\/self-determination\/wp-json\/wp\/v2\/users\/1"}],"replies":[{"embeddable":true,"href":"https:\/\/disabilityvoicesunited.org\/interchange\/self-determination\/wp-json\/wp\/v2\/comments?post=500"}],"version-history":[{"count":4,"href":"https:\/\/disabilityvoicesunited.org\/interchange\/self-determination\/wp-json\/wp\/v2\/pages\/500\/revisions"}],"predecessor-version":[{"id":976,"href":"https:\/\/disabilityvoicesunited.org\/interchange\/self-determination\/wp-json\/wp\/v2\/pages\/500\/revisions\/976"}],"wp:attachment":[{"href":"https:\/\/disabilityvoicesunited.org\/interchange\/self-determination\/wp-json\/wp\/v2\/media?parent=500"}],"curies":[{"name":"wp","href":"https:\/\/api.w.org\/{rel}","templated":true}]}}