
{"id":516,"date":"2019-08-28T17:47:23","date_gmt":"2019-08-28T17:47:23","guid":{"rendered":"http:\/\/disabilityvoicesunited.org\/interchange\/wordpress\/self-determination-interchange\/?page_id=516"},"modified":"2019-10-15T15:05:38","modified_gmt":"2019-10-15T22:05:38","slug":"services-through-the-sdp-es","status":"publish","type":"page","link":"https:\/\/disabilityvoicesunited.org\/interchange\/self-determination\/services-through-the-sdp-es\/","title":{"rendered":"Servicios a trav\u00e9s del Programa de Autodeterminaci\u00f3n"},"content":{"rendered":"\n<p>Un participante puede establecer una amplia gama de\nservicios y apoyos a trav\u00e9s del Programa de Autodeterminaci\u00f3n (SDP), los que\npueden incluir servicios tradicionales, pero tambi\u00e9n incluir actividades\n\u00fanicas, art\u00edculos y apoyos disponibles en la comunidad que el centro regional\nnormalmente no paga. El Programa de Autodeterminaci\u00f3n tambi\u00e9n le dar\u00e1 acceso a\nalgunos servicios que la legislatura de California suspendi\u00f3 o limit\u00f3 a partir\ndel 2009, como programas sociales y de recreaci\u00f3n, campamentos, servicios\neducativos y terapias no m\u00e9dicas. <\/p>\n\n\n\n<p>Al contrario de los servicios de centros regionales, no es\nobligatorio que use agencias que son vendedores de servicios autorizados del\ncentro regional. (El t\u00e9rmino ingl\u00e9s \u201cVendored\u201d o vendedores de servicios\nautorizados quiere decir que el centro regional tiene un contrato con una\nagencia). Puede contratar a personas de su comunidad para que le ayuden a\ncumplir sus metas. <\/p>\n\n\n\n<p>El sitio web del Departamento de Servicios de Desarrollo (DDS) tiene una larga lista de servicios que el gobierno federal ha aprobado. Algunos de los servicios son muy generales, como &#8220;Bienes y Servicios Dirigidos por el Participante&#8221;, y pueden incluir muchas cosas.\u00a0 Sin embargo, no debe elegir sus servicios de una lista. Los servicios deben venir de su plan centrado en la persona.\u00a0 Pero si de verdad necesita ver una lista, <a href=\"https:\/\/dds.ca.gov\/SDP\/docs\/serviceDefinitions.pdf\">la puede encontrar aqu\u00ed.<\/a><\/p>\n","protected":false},"excerpt":{"rendered":"<p>Un participante puede establecer una amplia gama de servicios y apoyos a trav\u00e9s del Programa de Autodeterminaci\u00f3n (SDP), los que pueden incluir servicios tradicionales, pero tambi\u00e9n incluir actividades \u00fanicas, art\u00edculos y apoyos disponibles en la comunidad que el centro regional normalmente no paga. El Programa de Autodeterminaci\u00f3n tambi\u00e9n le dar\u00e1 acceso a algunos servicios que [&#8230;]<\/p>\n<p><a class=\"btn btn-secondary understrap-read-more-link\" href=\"https:\/\/disabilityvoicesunited.org\/interchange\/self-determination\/services-through-the-sdp-es\/\">Read More&#8230;<\/a><\/p>\n","protected":false},"author":1,"featured_media":0,"parent":0,"menu_order":0,"comment_status":"closed","ping_status":"closed","template":"","meta":{"_bbp_topic_count":0,"_bbp_reply_count":0,"_bbp_total_topic_count":0,"_bbp_total_reply_count":0,"_bbp_voice_count":0,"_bbp_anonymous_reply_count":0,"_bbp_topic_count_hidden":0,"_bbp_reply_count_hidden":0,"_bbp_forum_subforum_count":0,"footnotes":""},"class_list":["post-516","page","type-page","status-publish","hentry"],"_links":{"self":[{"href":"https:\/\/disabilityvoicesunited.org\/interchange\/self-determination\/wp-json\/wp\/v2\/pages\/516","targetHints":{"allow":["GET"]}}],"collection":[{"href":"https:\/\/disabilityvoicesunited.org\/interchange\/self-determination\/wp-json\/wp\/v2\/pages"}],"about":[{"href":"https:\/\/disabilityvoicesunited.org\/interchange\/self-determination\/wp-json\/wp\/v2\/types\/page"}],"author":[{"embeddable":true,"href":"https:\/\/disabilityvoicesunited.org\/interchange\/self-determination\/wp-json\/wp\/v2\/users\/1"}],"replies":[{"embeddable":true,"href":"https:\/\/disabilityvoicesunited.org\/interchange\/self-determination\/wp-json\/wp\/v2\/comments?post=516"}],"version-history":[{"count":3,"href":"https:\/\/disabilityvoicesunited.org\/interchange\/self-determination\/wp-json\/wp\/v2\/pages\/516\/revisions"}],"predecessor-version":[{"id":784,"href":"https:\/\/disabilityvoicesunited.org\/interchange\/self-determination\/wp-json\/wp\/v2\/pages\/516\/revisions\/784"}],"wp:attachment":[{"href":"https:\/\/disabilityvoicesunited.org\/interchange\/self-determination\/wp-json\/wp\/v2\/media?parent=516"}],"curies":[{"name":"wp","href":"https:\/\/api.w.org\/{rel}","templated":true}]}}