
{"id":931,"date":"2019-12-19T12:03:21","date_gmt":"2019-12-19T20:03:21","guid":{"rendered":"http:\/\/disabilityvoicesunited.org\/interchange\/self-determination\/?page_id=931"},"modified":"2023-05-04T16:24:33","modified_gmt":"2023-05-04T23:24:33","slug":"think-outside-the-box-es","status":"publish","type":"page","link":"https:\/\/disabilityvoicesunited.org\/interchange\/self-determination\/think-outside-the-box-es\/","title":{"rendered":"&#8220;Piense de forma creative: Informaci\u00f3n y recursos sobre el Programa de Autodeterminaci\u00f3n de California&#8221;"},"content":{"rendered":"\n<figure class=\"wp-block-image is-resized\"><img loading=\"lazy\" decoding=\"async\" src=\"https:\/\/disabilityvoicesunited.org\/interchange\/self-determination\/wp-content\/uploads\/sites\/2\/2023\/05\/PienseCover2023.jpg\" alt=\"\" class=\"wp-image-1284\" width=\"588\" height=\"760\" srcset=\"https:\/\/disabilityvoicesunited.org\/interchange\/self-determination\/wp-content\/uploads\/sites\/2\/2023\/05\/PienseCover2023.jpg 300w, https:\/\/disabilityvoicesunited.org\/interchange\/self-determination\/wp-content\/uploads\/sites\/2\/2023\/05\/PienseCover2023-232x300.jpg 232w\" sizes=\"auto, (max-width: 588px) 100vw, 588px\" \/><\/figure>\n\n\n\n<p>\u201cThink Outside the Box: informaci\u00f3n y recursos sobre el nuevo programa de autodeterminaci\u00f3n de California\u201d es un libro esencial que contiene informaci\u00f3n cr\u00edtica sobre c\u00f3mo avanzar en el programa de autodeterminaci\u00f3n. Este manual es en ingles y incluye el texto de la Ley de autodeterminaci\u00f3n, informaci\u00f3n del DDS, explicaciones en lenguaje sencillo del proceso de planificaci\u00f3n y lecciones aprendidas del programa piloto. Para comprar &#8220;Think Outside the Box,&#8221; visite el librer\u00eda de DVU.<\/p>\n\n\n\n<p><a href=\"https:\/\/disabilityvoicesunited.org\/resources\/publications\/\" target=\"_blank\" rel=\"noreferrer noopener\" aria-label=\" (opens in a new tab)\">Librer\u00eda de DVU<\/a><\/p>\n","protected":false},"excerpt":{"rendered":"<p>\u201cThink Outside the Box: informaci\u00f3n y recursos sobre el nuevo programa de autodeterminaci\u00f3n de California\u201d es un libro esencial que contiene informaci\u00f3n cr\u00edtica sobre c\u00f3mo avanzar en el programa de autodeterminaci\u00f3n. Este manual es en ingles y incluye el texto de la Ley de autodeterminaci\u00f3n, informaci\u00f3n del DDS, explicaciones en lenguaje sencillo del proceso de [&#8230;]<\/p>\n<p><a class=\"btn btn-secondary understrap-read-more-link\" href=\"https:\/\/disabilityvoicesunited.org\/interchange\/self-determination\/think-outside-the-box-es\/\">Read More&#8230;<\/a><\/p>\n","protected":false},"author":7,"featured_media":0,"parent":0,"menu_order":0,"comment_status":"closed","ping_status":"closed","template":"","meta":{"_bbp_topic_count":0,"_bbp_reply_count":0,"_bbp_total_topic_count":0,"_bbp_total_reply_count":0,"_bbp_voice_count":0,"_bbp_anonymous_reply_count":0,"_bbp_topic_count_hidden":0,"_bbp_reply_count_hidden":0,"_bbp_forum_subforum_count":0,"footnotes":""},"class_list":["post-931","page","type-page","status-publish","hentry"],"_links":{"self":[{"href":"https:\/\/disabilityvoicesunited.org\/interchange\/self-determination\/wp-json\/wp\/v2\/pages\/931","targetHints":{"allow":["GET"]}}],"collection":[{"href":"https:\/\/disabilityvoicesunited.org\/interchange\/self-determination\/wp-json\/wp\/v2\/pages"}],"about":[{"href":"https:\/\/disabilityvoicesunited.org\/interchange\/self-determination\/wp-json\/wp\/v2\/types\/page"}],"author":[{"embeddable":true,"href":"https:\/\/disabilityvoicesunited.org\/interchange\/self-determination\/wp-json\/wp\/v2\/users\/7"}],"replies":[{"embeddable":true,"href":"https:\/\/disabilityvoicesunited.org\/interchange\/self-determination\/wp-json\/wp\/v2\/comments?post=931"}],"version-history":[{"count":2,"href":"https:\/\/disabilityvoicesunited.org\/interchange\/self-determination\/wp-json\/wp\/v2\/pages\/931\/revisions"}],"predecessor-version":[{"id":1288,"href":"https:\/\/disabilityvoicesunited.org\/interchange\/self-determination\/wp-json\/wp\/v2\/pages\/931\/revisions\/1288"}],"wp:attachment":[{"href":"https:\/\/disabilityvoicesunited.org\/interchange\/self-determination\/wp-json\/wp\/v2\/media?parent=931"}],"curies":[{"name":"wp","href":"https:\/\/api.w.org\/{rel}","templated":true}]}}