
{"id":994,"date":"2020-06-23T16:55:09","date_gmt":"2020-06-23T23:55:09","guid":{"rendered":"http:\/\/disabilityvoicesunited.org\/interchange\/self-determination\/?page_id=994"},"modified":"2021-06-01T15:12:12","modified_gmt":"2021-06-01T22:12:12","slug":"sdp-connect-es","status":"publish","type":"page","link":"https:\/\/disabilityvoicesunited.org\/interchange\/self-determination\/sdp-connect-es\/","title":{"rendered":"Llamadas de SDP Connect"},"content":{"rendered":"\n<p>Una reuni\u00f3n informativa por Zoom para participantes del Programa de Autodeterminaci\u00f3n (SDP, por sus siglas en ingl\u00e9s) de todo California, familiares, facilitadores independientes, FMS, personal de centros regionales, proveedores de servicios y cualquier otra persona interesada en avanzar con el SDP.<\/p>\n\n\n\n<p>Cada reuni\u00f3n durar\u00e1 solo una hora. Durante los primeros 15-30 minutos habr\u00e1 una presentaci\u00f3n sobre un tema diferente, a continuaci\u00f3n se responder\u00e1n las preguntas de los asistentes. Terminaremos cada reuni\u00f3n exactamente al cabo de una hora, pero regresaremos la pr\u00f3xima semana para ofrecerles m\u00e1s asistencia.<\/p>\n\n\n\n<p>Aqu\u00ed est\u00e1n las traducciones simult\u00e1neas al espa\u00f1ol de nuestras llamadas SDP Connect.<\/p>\n\n\n\n<h3 class=\"wp-block-heading\"><a href=\"https:\/\/fccdl.in\/isvG6iKYWX\">10 de junio 2020 &#8211; El Presupuesto Individual en comparaci\u00f3n con el Plan de Gastos<\/a><\/h3>\n\n\n\n<h3 class=\"wp-block-heading\"><a href=\"https:\/\/fccdl.in\/hCDmf4AG6r\">17 de junio 2020 &#8211; C\u00f3mo justificar el caso de las necesidades no cubiertas<\/a><\/h3>\n\n\n\n<h3 class=\"wp-block-heading\"><a href=\"https:\/\/fccdl.in\/HS2jVn7iZB\">24 de junio 2020 &#8211; C\u00f3mo elegir y trabajar con un servicio de gesti<\/a><strong><a href=\"https:\/\/fccdl.in\/HS2jVn7iZB\">\u00f3<\/a><\/strong><a href=\"https:\/\/fccdl.in\/HS2jVn7iZB\">n financiera (FMS, por su sigla en ingles)<\/a><\/h3>\n\n\n\n<h3 class=\"wp-block-heading\"><a href=\"https:\/\/fccdl.in\/B3cQhshs4K\">1 de julio 2020 &#8211; Paso a paso a trav\u00e9s del programa de auto determinaci\u00f3n<\/a><\/h3>\n\n\n\n<h3 class=\"wp-block-heading\"><a href=\"https:\/\/fccdl.in\/4HvJI38Dzi\">8 de julio 2020 &#8211; Lluvia de ideas por su plan de gastos<\/a><\/h3>\n\n\n\n<h3 class=\"wp-block-heading\"><a href=\"https:\/\/fccdl.in\/GpN1wO4tDP\">15 de julio 2020 &#8211; Planificaci\u00f3n centrado en la persona<\/a><\/h3>\n\n\n\n<h3 class=\"wp-block-heading\"><a href=\"https:\/\/fccdl.in\/6z47ixw0nf\">22 de julio 2020 &#8211; El programa de autodeterminaci\u00f3n durante la pandemia de coronavirus <\/a><\/h3>\n\n\n\n<h3 class=\"wp-block-heading\"><a href=\"https:\/\/fccdl.in\/nyxo2tPrxf\">29 de julio 2020 &#8211; <\/a><strong><a href=\"https:\/\/fccdl.in\/nyxo2tPrxf\">C\u00f3mo seleccionar y contratar su facilitador independiente, agencia FMS y proveedores de servicios<\/a><\/strong><\/h3>\n\n\n\n<h3 class=\"wp-block-heading\"><a href=\"https:\/\/www.freeconferencecall.com\/wall\/recorded_audio?audioRecordingUrl=https%3A%2F%2Frs0000.freeconferencecall.com%2Fstorage%2FsgetFCC2%2FRChcY%2FILB5b\">5 de agosto 2020 &#8211; La toma de decisiones durante la pandemia: C\u00f3mo abogar m\u00e1s por uno mismo para reducir la ansiedad y otros problemas<\/a><\/h3>\n\n\n\n<h3 class=\"wp-block-heading\"><a href=\"https:\/\/fccdl.in\/zraAOO1z88\">12 de agosto 2020 &#8211; El requisito de recursos gen\u00e9ricos<\/a><\/h3>\n\n\n\n<h3 class=\"wp-block-heading\"><a href=\"https:\/\/fccdl.in\/CBfJNNiD5h\">19 de agosto 2020 &#8211; DDS escucha sus experiencias<\/a><\/h3>\n\n\n\n<h3 class=\"wp-block-heading\"><a href=\"https:\/\/fccdl.in\/2zidt0PTsI\">2 de septiembre 2020 &#8211; Qu\u00e9 diferencias existen en los IPP con la Autodeterminaci\u00f3n<\/a><\/h3>\n\n\n\n<h3 class=\"wp-block-heading\"><a href=\"https:\/\/fccdl.in\/f422cyepcv\">9 de septiembre 2020 &#8211; C\u00f3mo la autodeterminaci\u00f3n apoya la educaci\u00f3n 2020 <\/a><\/h3>\n\n\n\n<h3 class=\"wp-block-heading\"><a href=\"https:\/\/drive.google.com\/file\/d\/1R2nkwlMKERoSbvNDyZIrwtRApLmVQrTw\/view?usp=sharing\">22 de octobre 2020 &#8211; <\/a><strong><a href=\"https:\/\/drive.google.com\/file\/d\/1R2nkwlMKERoSbvNDyZIrwtRApLmVQrTw\/view?usp=sharing\">La autodeterminaci\u00f3n y la comunicaci\u00f3n: planificaci\u00f3n de vida con personas que necesitan apoyo para comunicarse<\/a><\/strong><a href=\"https:\/\/drive.google.com\/file\/d\/1R2nkwlMKERoSbvNDyZIrwtRApLmVQrTw\/view?usp=sharing\"> <\/a><\/h3>\n\n\n\n<h3 class=\"wp-block-heading\"><a href=\"https:\/\/drive.google.com\/file\/d\/1mlgIPjcFpd9lVIk5HIUFMWZB0c2fO087\/view?usp=sharing\">19 de mayo 2021 &#8211; <\/a><strong><a href=\"https:\/\/drive.google.com\/file\/d\/1mlgIPjcFpd9lVIk5HIUFMWZB0c2fO087\/view?usp=sharing\">Lo que el presupuesto estatal significa para el SDP<\/a><\/strong><a href=\"https:\/\/drive.google.com\/file\/d\/1mlgIPjcFpd9lVIk5HIUFMWZB0c2fO087\/view?usp=sharing\"> <\/a><\/h3>\n\n\n\n<h3 class=\"wp-block-heading\"><a href=\"https:\/\/drive.google.com\/file\/d\/1gzyLfStOjD_RQ0O1aLWHzYfj1YF_MeY-\/view?usp=sharing\">26 de mayo 2021 &#8211; <\/a><strong><a href=\"https:\/\/drive.google.com\/file\/d\/1gzyLfStOjD_RQ0O1aLWHzYfj1YF_MeY-\/view?usp=sharing\">Actualizaciones sobre el presupuesto estatal y respuestas a sus preguntas sobre el SDP<\/a><\/strong><\/h3>\n","protected":false},"excerpt":{"rendered":"<p>Una reuni\u00f3n informativa por Zoom para participantes del Programa de Autodeterminaci\u00f3n (SDP, por sus siglas en ingl\u00e9s) de todo California, familiares, facilitadores independientes, FMS, personal de centros regionales, proveedores de servicios y cualquier otra persona interesada en avanzar con el SDP. Cada reuni\u00f3n durar\u00e1 solo una hora. Durante los primeros 15-30 minutos habr\u00e1 una presentaci\u00f3n [&#8230;]<\/p>\n<p><a class=\"btn btn-secondary understrap-read-more-link\" href=\"https:\/\/disabilityvoicesunited.org\/interchange\/self-determination\/sdp-connect-es\/\">Read More&#8230;<\/a><\/p>\n","protected":false},"author":7,"featured_media":0,"parent":0,"menu_order":0,"comment_status":"closed","ping_status":"closed","template":"","meta":{"_bbp_topic_count":0,"_bbp_reply_count":0,"_bbp_total_topic_count":0,"_bbp_total_reply_count":0,"_bbp_voice_count":0,"_bbp_anonymous_reply_count":0,"_bbp_topic_count_hidden":0,"_bbp_reply_count_hidden":0,"_bbp_forum_subforum_count":0,"footnotes":""},"class_list":["post-994","page","type-page","status-publish","hentry"],"_links":{"self":[{"href":"https:\/\/disabilityvoicesunited.org\/interchange\/self-determination\/wp-json\/wp\/v2\/pages\/994","targetHints":{"allow":["GET"]}}],"collection":[{"href":"https:\/\/disabilityvoicesunited.org\/interchange\/self-determination\/wp-json\/wp\/v2\/pages"}],"about":[{"href":"https:\/\/disabilityvoicesunited.org\/interchange\/self-determination\/wp-json\/wp\/v2\/types\/page"}],"author":[{"embeddable":true,"href":"https:\/\/disabilityvoicesunited.org\/interchange\/self-determination\/wp-json\/wp\/v2\/users\/7"}],"replies":[{"embeddable":true,"href":"https:\/\/disabilityvoicesunited.org\/interchange\/self-determination\/wp-json\/wp\/v2\/comments?post=994"}],"version-history":[{"count":13,"href":"https:\/\/disabilityvoicesunited.org\/interchange\/self-determination\/wp-json\/wp\/v2\/pages\/994\/revisions"}],"predecessor-version":[{"id":1124,"href":"https:\/\/disabilityvoicesunited.org\/interchange\/self-determination\/wp-json\/wp\/v2\/pages\/994\/revisions\/1124"}],"wp:attachment":[{"href":"https:\/\/disabilityvoicesunited.org\/interchange\/self-determination\/wp-json\/wp\/v2\/media?parent=994"}],"curies":[{"name":"wp","href":"https:\/\/api.w.org\/{rel}","templated":true}]}}